{"id":79389,"date":"2023-02-21T20:04:46","date_gmt":"2023-02-21T21:04:46","guid":{"rendered":"https:\/\/www.norbertodiver.pt\/testemunho-testimonial\/"},"modified":"2023-03-14T14:30:08","modified_gmt":"2023-03-14T15:30:08","slug":"testemunho-testimonial","status":"publish","type":"page","link":"https:\/\/www.norbertodiver.pt\/pt-pt\/testemunho-testimonial\/","title":{"rendered":"Testemunho \/ Testimonial"},"content":{"rendered":"\t\t<div data-elementor-type=\"wp-page\" data-elementor-id=\"79389\" class=\"elementor elementor-79389 elementor-78161\" data-elementor-post-type=\"page\">\n\t\t\t\t\t\t<section class=\"elementor-section elementor-top-section elementor-element elementor-element-65d50c2 elementor-section-boxed elementor-section-height-default elementor-section-height-default\" data-id=\"65d50c2\" data-element_type=\"section\" data-e-type=\"section\">\n\t\t\t\t\t\t<div class=\"elementor-container elementor-column-gap-default\">\n\t\t\t\t\t<div class=\"elementor-column elementor-col-66 elementor-top-column elementor-element elementor-element-7ba48cb\" data-id=\"7ba48cb\" data-element_type=\"column\" data-e-type=\"column\">\n\t\t\t<div class=\"elementor-widget-wrap elementor-element-populated\">\n\t\t\t\t\t\t<div class=\"elementor-element elementor-element-d6d62e2 elementor-widget elementor-widget-spacer\" data-id=\"d6d62e2\" data-element_type=\"widget\" data-e-type=\"widget\" data-widget_type=\"spacer.default\">\n\t\t\t\t<div class=\"elementor-widget-container\">\n\t\t\t\t\t\t\t<div class=\"elementor-spacer\">\n\t\t\t<div class=\"elementor-spacer-inner\"><\/div>\n\t\t<\/div>\n\t\t\t\t\t\t<\/div>\n\t\t\t\t<\/div>\n\t\t\t\t<div class=\"elementor-element elementor-element-47f31db elementor-widget elementor-widget-text-editor\" data-id=\"47f31db\" data-element_type=\"widget\" data-e-type=\"widget\" data-widget_type=\"text-editor.default\">\n\t\t\t\t<div class=\"elementor-widget-container\">\n\t\t\t\t\t\t\t\t\t<p><strong>Gostar\u00edamos de agradecer por ter escolhido os servi\u00e7os da Norberto Diver durante a sua visita \u00e0 ilha do Faial.<\/strong> Agradecemos a sua prefer\u00eancia e esperamos t\u00ea-lo(a) novamente como nosso(a) cliente no futuro.<\/p>\n<p><strong>Ficar\u00edamos muito gratos se voc\u00ea pudesse deixar um breve coment\u00e1rio sobre sua esperi\u00eancia.<\/strong> O seu feedback \u00e9 muito valioso para n\u00f3s e nos ajudar\u00e1 a continuar a melhorar os nossos servi\u00e7os.<\/p>\n\t\t\t\t\t\t\t\t<\/div>\n\t\t\t\t<\/div>\n\t\t\t\t\t<\/div>\n\t\t<\/div>\n\t\t\t\t<div class=\"elementor-column elementor-col-33 elementor-top-column elementor-element elementor-element-bbb3517\" data-id=\"bbb3517\" data-element_type=\"column\" data-e-type=\"column\">\n\t\t\t<div class=\"elementor-widget-wrap elementor-element-populated\">\n\t\t\t\t\t\t<div class=\"elementor-element elementor-element-a42e7a0 elementor-widget elementor-widget-shortcode\" data-id=\"a42e7a0\" data-element_type=\"widget\" data-e-type=\"widget\" data-widget_type=\"shortcode.default\">\n\t\t\t\t<div class=\"elementor-widget-container\">\n\t\t\t\t\t\t\t<div class=\"elementor-shortcode\"><span class=\"su-qrcode su-qrcode-align-center\"><a target=\"_blank\" title=\"\"><img decoding=\"async\" src=\"https:\/\/api.qrserver.com\/v1\/create-qr-code\/?data=https%3A%2F%2Fwww.norbertodiver.pt%2Ftestemunho%2F&amp;size=200x200&amp;format=png&amp;margin=0&amp;color=000000&amp;bgcolor=ffffff\" alt=\"\" \/><\/a><\/span><\/div>\n\t\t\t\t\t\t<\/div>\n\t\t\t\t<\/div>\n\t\t\t\t\t<\/div>\n\t\t<\/div>\n\t\t\t\t\t<\/div>\n\t\t<\/section>\n\t\t\t\t<section class=\"elementor-section elementor-top-section elementor-element elementor-element-c0c84a9 elementor-section-full_width elementor-section-height-default elementor-section-height-default\" data-id=\"c0c84a9\" data-element_type=\"section\" data-e-type=\"section\" data-settings=\"{&quot;background_background&quot;:&quot;classic&quot;}\">\n\t\t\t\t\t\t<div class=\"elementor-container elementor-column-gap-default\">\n\t\t\t\t\t<div class=\"elementor-column elementor-col-25 elementor-top-column elementor-element elementor-element-a9d37da\" data-id=\"a9d37da\" data-element_type=\"column\" data-e-type=\"column\">\n\t\t\t<div class=\"elementor-widget-wrap\">\n\t\t\t\t\t\t\t<\/div>\n\t\t<\/div>\n\t\t\t\t<div class=\"elementor-column elementor-col-25 elementor-top-column elementor-element elementor-element-bbade95\" data-id=\"bbade95\" data-element_type=\"column\" data-e-type=\"column\">\n\t\t\t<div class=\"elementor-widget-wrap elementor-element-populated\">\n\t\t\t\t\t\t<div class=\"elementor-element elementor-element-d232491 elementor-widget elementor-widget-shortcode\" data-id=\"d232491\" data-element_type=\"widget\" data-e-type=\"widget\" data-widget_type=\"shortcode.default\">\n\t\t\t\t<div class=\"elementor-widget-container\">\n\t\t\t\t\t\t\t<div class=\"elementor-shortcode\"><div class=\"strong-view strong-form strong-view-id-3 default-form wpmtst-default-form\" data-state=\"idle\"><div class=\"strong-form-wait\" data-formid=\"1\"><div class=\"message\"><img decoding=\"async\" src=\"https:\/\/www.norbertodiver.pt\/wp-content\/plugins\/strong-testimonials\/assets\/public\/svg\/spinner-solid.svg\" alt=\"Strong Testimonials form submission spinner.\"><\/div><\/div><div class=\"wpmtst-form wpmtst-form-id-1\"><div class=\"strong-form-inner\"><p class=\"required-notice\"><span class=\"required symbol\"><\/span>Required\t\t<\/p><form class=\"wpmtst-submission-form\" method=\"post\" enctype=\"multipart\/form-data\" autocomplete=\"off\" data-config=\"{&quot;scroll&quot;:{&quot;onError&quot;:true,&quot;onErrorOffset&quot;:80,&quot;onSuccess&quot;:true,&quot;onSuccessOffset&quot;:80},&quot;fields&quot;:[{&quot;name&quot;:&quot;client_name&quot;,&quot;type&quot;:&quot;text&quot;,&quot;required&quot;:1},{&quot;name&quot;:&quot;email&quot;,&quot;type&quot;:&quot;email&quot;,&quot;required&quot;:1},{&quot;name&quot;:&quot;company_name&quot;,&quot;type&quot;:&quot;text&quot;,&quot;required&quot;:0},{&quot;name&quot;:&quot;company_website&quot;,&quot;type&quot;:&quot;url&quot;,&quot;required&quot;:0},{&quot;name&quot;:&quot;post_title&quot;,&quot;type&quot;:&quot;text&quot;,&quot;required&quot;:1},{&quot;name&quot;:&quot;post_content&quot;,&quot;type&quot;:&quot;textarea&quot;,&quot;required&quot;:1},{&quot;name&quot;:&quot;featured_image&quot;,&quot;type&quot;:&quot;file&quot;,&quot;required&quot;:0}]}\" data-formid = \"1\"><div style=\"display: none;\"><input type=\"hidden\" id=\"wpmtst_form_nonce\" name=\"wpmtst_form_nonce\" value=\"e0c7bdcc3b\" \/><input type=\"hidden\" name=\"_wp_http_referer\" value=\"\/pt-pt\/wp-json\/wp\/v2\/pages\/79389\" \/><input type=\"hidden\" name=\"action\" value=\"wpmtst_form\"><input type=\"hidden\" name=\"form_id\" value=\"1\"><input type=\"hidden\" name=\"default_category\" value=\"\"><input type=\"hidden\" name=\"view_id\" value=\"3\"><input type=\"hidden\" name=\"category\" value=\"\"><\/div><div class=\"form-field field-client_name\"><label for=\"wpmtst_client_name\" class=\"field-client_name\">Your Name<\/label><span class=\"required symbol\"><\/span><input id=\"wpmtst_client_name\" type=\"text\" class=\"text\" name=\"client_name\"  value=\"\" placeholder=\"\"   required tabindex=\"0\"><span class=\"after\">What is your name?<\/span><\/div><div class=\"form-field field-email\"><label for=\"wpmtst_email\" class=\"field-email\">Email<\/label><span class=\"required symbol\"><\/span><input id=\"wpmtst_email\" type=\"email\" class=\"text email\" name=\"email\"  value=\"\" placeholder=\"\"   required tabindex=\"0\"><span class=\"after\">What is your email address?<\/span><\/div><div class=\"form-field field-company_name\"><label for=\"wpmtst_company_name\" class=\"field-company_name\">Company Name (opcional)<\/label><input id=\"wpmtst_company_name\" type=\"text\" class=\"text\" name=\"company_name\"  value=\"\" placeholder=\"\"   tabindex=\"0\"><span class=\"after\">What is your company name?<\/span><\/div><div class=\"form-field field-company_website\"><label for=\"wpmtst_company_website\" class=\"field-company_website\">Company Website (opcional)<\/label><input id=\"wpmtst_company_website\" type=\"url\" class=\"text url\" name=\"company_website\"  value=\"\" placeholder=\"\"   tabindex=\"0\"><span class=\"after\">Does your company have a website?<\/span><\/div><div class=\"form-field field-post_title\"><label for=\"wpmtst_post_title\" class=\"field-post_title\">Heading<\/label><span class=\"required symbol\"><\/span><input id=\"wpmtst_post_title\" type=\"text\" class=\"text\" name=\"post_title\"  value=\"\" placeholder=\"\"   required tabindex=\"0\"><span class=\"after\">Please give an headline for your testimonial.<\/span><\/div><div class=\"form-field field-post_content\"><label for=\"wpmtst_post_content\" class=\"field-post_content\">Testimonial<\/label><span class=\"required symbol\"><\/span><textarea id=\"wpmtst_post_content\" name=\"post_content\" class=\"textarea\"  required placeholder=\"\"  tabindex=\"0\"><\/textarea><span class=\"after\">What do you think about us and our services?<\/span><\/div><div class=\"form-field field-featured_image\"><label for=\"wpmtst_featured_image\" class=\"field-featured_image\">Photo (opcional)<\/label><div class=\"field-wrap\"><input id=\"wpmtst_featured_image\" type=\"file\" name=\"featured_image\" tabindex=\"0\"><\/div><span class=\"after\">Would you like to include a photo?<\/span><\/div><div class=\"form-field wpmtst-submit\"><label><input type=\"submit\" class=\"wpmtst_submit_testimonial\" name=\"wpmtst_submit_testimonial\" value=\"Add Testimonial\" class=\"button\" tabindex=\"0\"><\/label><\/div><\/form><\/div><\/div><\/div><\/div>\n\t\t\t\t\t\t<\/div>\n\t\t\t\t<\/div>\n\t\t\t\t\t<\/div>\n\t\t<\/div>\n\t\t\t\t<div class=\"elementor-column elementor-col-50 elementor-top-column elementor-element elementor-element-0b059cf\" data-id=\"0b059cf\" data-element_type=\"column\" data-e-type=\"column\">\n\t\t\t<div class=\"elementor-widget-wrap\">\n\t\t\t\t\t\t\t<\/div>\n\t\t<\/div>\n\t\t\t\t\t<\/div>\n\t\t<\/section>\n\t\t\t\t<\/div>\n\t\t","protected":false},"excerpt":{"rendered":"<p>Gostar\u00edamos de agradecer por ter escolhido os servi\u00e7os da Norberto Diver durante a sua visita \u00e0 ilha do Faial. Agradecemos a sua prefer\u00eancia e esperamos t\u00ea-lo(a) novamente como nosso(a) cliente no futuro. Ficar\u00edamos muito gratos se voc\u00ea pudesse deixar um breve coment\u00e1rio sobre sua esperi\u00eancia. O seu feedback \u00e9 muito valioso para n\u00f3s e nos&hellip;<\/p>\n","protected":false},"author":1,"featured_media":0,"parent":0,"menu_order":0,"comment_status":"closed","ping_status":"closed","template":"","meta":{"_vp_format_video_url":"","_vp_image_focal_point":[],"footnotes":""},"class_list":["post-79389","page","type-page","status-publish","hentry"],"yoast_head":"<!-- This site is optimized with the Yoast SEO plugin v27.5 - https:\/\/yoast.com\/product\/yoast-seo-wordpress\/ -->\n<title>Testemunho \/ Testimonial - Norberto Diver<\/title>\n<meta name=\"robots\" content=\"index, follow, max-snippet:-1, max-image-preview:large, max-video-preview:-1\" \/>\n<link rel=\"canonical\" href=\"https:\/\/www.norbertodiver.pt\/pt-pt\/testemunho-testimonial\/\" \/>\n<meta property=\"og:locale\" content=\"pt_PT\" \/>\n<meta property=\"og:type\" content=\"article\" \/>\n<meta property=\"og:title\" content=\"Testemunho \/ Testimonial - Norberto Diver\" \/>\n<meta property=\"og:description\" content=\"Gostar\u00edamos de agradecer por ter escolhido os servi\u00e7os da Norberto Diver durante a sua visita \u00e0 ilha do Faial. Agradecemos a sua prefer\u00eancia e esperamos t\u00ea-lo(a) novamente como nosso(a) cliente no futuro. Ficar\u00edamos muito gratos se voc\u00ea pudesse deixar um breve coment\u00e1rio sobre sua esperi\u00eancia. O seu feedback \u00e9 muito valioso para n\u00f3s e nos&hellip;\" \/>\n<meta property=\"og:url\" content=\"https:\/\/www.norbertodiver.pt\/pt-pt\/testemunho-testimonial\/\" \/>\n<meta property=\"og:site_name\" content=\"Norberto Diver\" \/>\n<meta property=\"article:modified_time\" content=\"2023-03-14T15:30:08+00:00\" \/>\n<meta name=\"twitter:card\" content=\"summary_large_image\" \/>\n<script type=\"application\/ld+json\" class=\"yoast-schema-graph\">{\"@context\":\"https:\\\/\\\/schema.org\",\"@graph\":[{\"@type\":\"WebPage\",\"@id\":\"https:\\\/\\\/www.norbertodiver.pt\\\/pt-pt\\\/testemunho-testimonial\\\/\",\"url\":\"https:\\\/\\\/www.norbertodiver.pt\\\/pt-pt\\\/testemunho-testimonial\\\/\",\"name\":\"Testemunho \\\/ Testimonial - Norberto Diver\",\"isPartOf\":{\"@id\":\"https:\\\/\\\/www.norbertodiver.pt\\\/#website\"},\"datePublished\":\"2023-02-21T21:04:46+00:00\",\"dateModified\":\"2023-03-14T15:30:08+00:00\",\"breadcrumb\":{\"@id\":\"https:\\\/\\\/www.norbertodiver.pt\\\/pt-pt\\\/testemunho-testimonial\\\/#breadcrumb\"},\"inLanguage\":\"pt-PT\",\"potentialAction\":[{\"@type\":\"ReadAction\",\"target\":[\"https:\\\/\\\/www.norbertodiver.pt\\\/pt-pt\\\/testemunho-testimonial\\\/\"]}]},{\"@type\":\"BreadcrumbList\",\"@id\":\"https:\\\/\\\/www.norbertodiver.pt\\\/pt-pt\\\/testemunho-testimonial\\\/#breadcrumb\",\"itemListElement\":[{\"@type\":\"ListItem\",\"position\":1,\"name\":\"Home\",\"item\":\"https:\\\/\\\/www.norbertodiver.pt\\\/pt-pt\\\/pagina-principal\\\/\"},{\"@type\":\"ListItem\",\"position\":2,\"name\":\"Testemunho \\\/ Testimonial\"}]},{\"@type\":\"WebSite\",\"@id\":\"https:\\\/\\\/www.norbertodiver.pt\\\/#website\",\"url\":\"https:\\\/\\\/www.norbertodiver.pt\\\/\",\"name\":\"Norberto Diver\",\"description\":\"Norberto Diver offers you unforgettable experiences above or below the sea! Whale Watching, Shark Dive, Coastal Diving, Princess Alice Bank\",\"publisher\":{\"@id\":\"https:\\\/\\\/www.norbertodiver.pt\\\/#organization\"},\"potentialAction\":[{\"@type\":\"SearchAction\",\"target\":{\"@type\":\"EntryPoint\",\"urlTemplate\":\"https:\\\/\\\/www.norbertodiver.pt\\\/?s={search_term_string}\"},\"query-input\":{\"@type\":\"PropertyValueSpecification\",\"valueRequired\":true,\"valueName\":\"search_term_string\"}}],\"inLanguage\":\"pt-PT\"},{\"@type\":\"Organization\",\"@id\":\"https:\\\/\\\/www.norbertodiver.pt\\\/#organization\",\"name\":\"Norberto Diver\",\"url\":\"https:\\\/\\\/www.norbertodiver.pt\\\/\",\"logo\":{\"@type\":\"ImageObject\",\"inLanguage\":\"pt-PT\",\"@id\":\"https:\\\/\\\/www.norbertodiver.pt\\\/#\\\/schema\\\/logo\\\/image\\\/\",\"url\":\"https:\\\/\\\/www.norbertodiver.pt\\\/wp-content\\\/uploads\\\/2021\\\/12\\\/logo1.png\",\"contentUrl\":\"https:\\\/\\\/www.norbertodiver.pt\\\/wp-content\\\/uploads\\\/2021\\\/12\\\/logo1.png\",\"width\":200,\"height\":112,\"caption\":\"Norberto Diver\"},\"image\":{\"@id\":\"https:\\\/\\\/www.norbertodiver.pt\\\/#\\\/schema\\\/logo\\\/image\\\/\"}}]}<\/script>\n<!-- \/ Yoast SEO plugin. -->","yoast_head_json":{"title":"Testemunho \/ Testimonial - Norberto Diver","robots":{"index":"index","follow":"follow","max-snippet":"max-snippet:-1","max-image-preview":"max-image-preview:large","max-video-preview":"max-video-preview:-1"},"canonical":"https:\/\/www.norbertodiver.pt\/pt-pt\/testemunho-testimonial\/","og_locale":"pt_PT","og_type":"article","og_title":"Testemunho \/ Testimonial - Norberto Diver","og_description":"Gostar\u00edamos de agradecer por ter escolhido os servi\u00e7os da Norberto Diver durante a sua visita \u00e0 ilha do Faial. Agradecemos a sua prefer\u00eancia e esperamos t\u00ea-lo(a) novamente como nosso(a) cliente no futuro. Ficar\u00edamos muito gratos se voc\u00ea pudesse deixar um breve coment\u00e1rio sobre sua esperi\u00eancia. O seu feedback \u00e9 muito valioso para n\u00f3s e nos&hellip;","og_url":"https:\/\/www.norbertodiver.pt\/pt-pt\/testemunho-testimonial\/","og_site_name":"Norberto Diver","article_modified_time":"2023-03-14T15:30:08+00:00","twitter_card":"summary_large_image","schema":{"@context":"https:\/\/schema.org","@graph":[{"@type":"WebPage","@id":"https:\/\/www.norbertodiver.pt\/pt-pt\/testemunho-testimonial\/","url":"https:\/\/www.norbertodiver.pt\/pt-pt\/testemunho-testimonial\/","name":"Testemunho \/ Testimonial - Norberto Diver","isPartOf":{"@id":"https:\/\/www.norbertodiver.pt\/#website"},"datePublished":"2023-02-21T21:04:46+00:00","dateModified":"2023-03-14T15:30:08+00:00","breadcrumb":{"@id":"https:\/\/www.norbertodiver.pt\/pt-pt\/testemunho-testimonial\/#breadcrumb"},"inLanguage":"pt-PT","potentialAction":[{"@type":"ReadAction","target":["https:\/\/www.norbertodiver.pt\/pt-pt\/testemunho-testimonial\/"]}]},{"@type":"BreadcrumbList","@id":"https:\/\/www.norbertodiver.pt\/pt-pt\/testemunho-testimonial\/#breadcrumb","itemListElement":[{"@type":"ListItem","position":1,"name":"Home","item":"https:\/\/www.norbertodiver.pt\/pt-pt\/pagina-principal\/"},{"@type":"ListItem","position":2,"name":"Testemunho \/ Testimonial"}]},{"@type":"WebSite","@id":"https:\/\/www.norbertodiver.pt\/#website","url":"https:\/\/www.norbertodiver.pt\/","name":"Norberto Diver","description":"Norberto Diver offers you unforgettable experiences above or below the sea! Whale Watching, Shark Dive, Coastal Diving, Princess Alice Bank","publisher":{"@id":"https:\/\/www.norbertodiver.pt\/#organization"},"potentialAction":[{"@type":"SearchAction","target":{"@type":"EntryPoint","urlTemplate":"https:\/\/www.norbertodiver.pt\/?s={search_term_string}"},"query-input":{"@type":"PropertyValueSpecification","valueRequired":true,"valueName":"search_term_string"}}],"inLanguage":"pt-PT"},{"@type":"Organization","@id":"https:\/\/www.norbertodiver.pt\/#organization","name":"Norberto Diver","url":"https:\/\/www.norbertodiver.pt\/","logo":{"@type":"ImageObject","inLanguage":"pt-PT","@id":"https:\/\/www.norbertodiver.pt\/#\/schema\/logo\/image\/","url":"https:\/\/www.norbertodiver.pt\/wp-content\/uploads\/2021\/12\/logo1.png","contentUrl":"https:\/\/www.norbertodiver.pt\/wp-content\/uploads\/2021\/12\/logo1.png","width":200,"height":112,"caption":"Norberto Diver"},"image":{"@id":"https:\/\/www.norbertodiver.pt\/#\/schema\/logo\/image\/"}}]}},"_links":{"self":[{"href":"https:\/\/www.norbertodiver.pt\/pt-pt\/wp-json\/wp\/v2\/pages\/79389","targetHints":{"allow":["GET"]}}],"collection":[{"href":"https:\/\/www.norbertodiver.pt\/pt-pt\/wp-json\/wp\/v2\/pages"}],"about":[{"href":"https:\/\/www.norbertodiver.pt\/pt-pt\/wp-json\/wp\/v2\/types\/page"}],"author":[{"embeddable":true,"href":"https:\/\/www.norbertodiver.pt\/pt-pt\/wp-json\/wp\/v2\/users\/1"}],"replies":[{"embeddable":true,"href":"https:\/\/www.norbertodiver.pt\/pt-pt\/wp-json\/wp\/v2\/comments?post=79389"}],"version-history":[{"count":1,"href":"https:\/\/www.norbertodiver.pt\/pt-pt\/wp-json\/wp\/v2\/pages\/79389\/revisions"}],"predecessor-version":[{"id":79390,"href":"https:\/\/www.norbertodiver.pt\/pt-pt\/wp-json\/wp\/v2\/pages\/79389\/revisions\/79390"}],"wp:attachment":[{"href":"https:\/\/www.norbertodiver.pt\/pt-pt\/wp-json\/wp\/v2\/media?parent=79389"}],"curies":[{"name":"wp","href":"https:\/\/api.w.org\/{rel}","templated":true}]}}