{"id":79221,"date":"2020-12-17T18:17:47","date_gmt":"2020-12-17T19:17:47","guid":{"rendered":"https:\/\/www.norbertodiver.pt\/termos-e-condicoes\/"},"modified":"2023-03-11T17:56:28","modified_gmt":"2023-03-11T18:56:28","slug":"termos-e-condicoes","status":"publish","type":"page","link":"https:\/\/www.norbertodiver.pt\/pt-pt\/termos-e-condicoes\/","title":{"rendered":"Termos e Condi\u00e7\u00f5es"},"content":{"rendered":"\t\t<div data-elementor-type=\"wp-page\" data-elementor-id=\"79221\" class=\"elementor elementor-79221 elementor-29656\" data-elementor-post-type=\"page\">\n\t\t\t\t\t\t<section class=\"elementor-section elementor-top-section elementor-element elementor-element-9a40cef elementor-reverse-mobile elementor-section-boxed elementor-section-height-default elementor-section-height-default\" data-id=\"9a40cef\" data-element_type=\"section\" data-e-type=\"section\">\n\t\t\t\t\t\t<div class=\"elementor-container elementor-column-gap-wider\">\n\t\t\t\t\t<div class=\"elementor-column elementor-col-100 elementor-top-column elementor-element elementor-element-4205337\" data-id=\"4205337\" data-element_type=\"column\" data-e-type=\"column\">\n\t\t\t<div class=\"elementor-widget-wrap elementor-element-populated\">\n\t\t\t\t\t\t<div class=\"elementor-element elementor-element-b44398e page-content elementor-widget elementor-widget-text-editor\" data-id=\"b44398e\" data-element_type=\"widget\" data-e-type=\"widget\" data-widget_type=\"text-editor.default\">\n\t\t\t\t<div class=\"elementor-widget-container\">\n\t\t\t\t\t\t\t\t\t<h2>Termos e Condi\u00e7\u00f5es<\/h2>\n<p>A <strong>Norberto Diver<\/strong> reserva o direito de cancelar as atividades sem aviso pr\u00e9vio por quest\u00f5es de seguran\u00e7a, condi\u00e7\u00f5es climat\u00e9ricas, n\u00famero m\u00ednimo de pessoas n\u00e3o atingido ou outras de for\u00e7a maior, sempre no sentido de assegurar a qualidade da atividade e a seguran\u00e7a dos participantes. Neste caso o valor total pelo servi\u00e7o ser\u00e1 devolvido\/n\u00e3o cobrado ou em alternativa uma nova reserva ser\u00e1 oferecida, ficando sujeita \u00e0 disponibilidade do cliente e \u00e0s condi\u00e7\u00f5es climat\u00e9ricas do respetivo dia(s).<\/p>\n\t\t\t\t\t\t\t\t<\/div>\n\t\t\t\t<\/div>\n\t\t\t\t\t<\/div>\n\t\t<\/div>\n\t\t\t\t\t<\/div>\n\t\t<\/section>\n\t\t\t\t<\/div>\n\t\t","protected":false},"excerpt":{"rendered":"<p>Termos e Condi\u00e7\u00f5es A Norberto Diver reserva o direito de cancelar as atividades sem aviso pr\u00e9vio por quest\u00f5es de seguran\u00e7a, condi\u00e7\u00f5es climat\u00e9ricas, n\u00famero m\u00ednimo de pessoas n\u00e3o atingido ou outras de for\u00e7a maior, sempre no sentido de assegurar a qualidade da atividade e a seguran\u00e7a dos participantes. Neste caso o valor total pelo servi\u00e7o ser\u00e1&hellip;<\/p>\n","protected":false},"author":1,"featured_media":0,"parent":0,"menu_order":997,"comment_status":"closed","ping_status":"closed","template":"","meta":{"_vp_format_video_url":"","_vp_image_focal_point":[],"footnotes":""},"class_list":["post-79221","page","type-page","status-publish","hentry"],"yoast_head":"<!-- This site is optimized with the Yoast SEO plugin v27.4 - https:\/\/yoast.com\/product\/yoast-seo-wordpress\/ -->\n<title>Termos e Condi\u00e7\u00f5es - Norberto Diver<\/title>\n<meta name=\"robots\" content=\"index, follow, max-snippet:-1, max-image-preview:large, max-video-preview:-1\" \/>\n<link rel=\"canonical\" href=\"https:\/\/www.norbertodiver.pt\/pt-pt\/termos-e-condicoes\/\" \/>\n<meta property=\"og:locale\" content=\"pt_PT\" \/>\n<meta property=\"og:type\" content=\"article\" \/>\n<meta property=\"og:title\" content=\"Termos e Condi\u00e7\u00f5es - Norberto Diver\" \/>\n<meta property=\"og:description\" content=\"Termos e Condi\u00e7\u00f5es A Norberto Diver reserva o direito de cancelar as atividades sem aviso pr\u00e9vio por quest\u00f5es de seguran\u00e7a, condi\u00e7\u00f5es climat\u00e9ricas, n\u00famero m\u00ednimo de pessoas n\u00e3o atingido ou outras de for\u00e7a maior, sempre no sentido de assegurar a qualidade da atividade e a seguran\u00e7a dos participantes. Neste caso o valor total pelo servi\u00e7o ser\u00e1&hellip;\" \/>\n<meta property=\"og:url\" content=\"https:\/\/www.norbertodiver.pt\/pt-pt\/termos-e-condicoes\/\" \/>\n<meta property=\"og:site_name\" content=\"Norberto Diver\" \/>\n<meta property=\"article:modified_time\" content=\"2023-03-11T18:56:28+00:00\" \/>\n<meta name=\"twitter:card\" content=\"summary_large_image\" \/>\n<script type=\"application\/ld+json\" class=\"yoast-schema-graph\">{\"@context\":\"https:\\\/\\\/schema.org\",\"@graph\":[{\"@type\":\"WebPage\",\"@id\":\"https:\\\/\\\/www.norbertodiver.pt\\\/pt-pt\\\/termos-e-condicoes\\\/\",\"url\":\"https:\\\/\\\/www.norbertodiver.pt\\\/pt-pt\\\/termos-e-condicoes\\\/\",\"name\":\"Termos e Condi\u00e7\u00f5es - Norberto Diver\",\"isPartOf\":{\"@id\":\"https:\\\/\\\/www.norbertodiver.pt\\\/#website\"},\"datePublished\":\"2020-12-17T19:17:47+00:00\",\"dateModified\":\"2023-03-11T18:56:28+00:00\",\"breadcrumb\":{\"@id\":\"https:\\\/\\\/www.norbertodiver.pt\\\/pt-pt\\\/termos-e-condicoes\\\/#breadcrumb\"},\"inLanguage\":\"pt-PT\",\"potentialAction\":[{\"@type\":\"ReadAction\",\"target\":[\"https:\\\/\\\/www.norbertodiver.pt\\\/pt-pt\\\/termos-e-condicoes\\\/\"]}]},{\"@type\":\"BreadcrumbList\",\"@id\":\"https:\\\/\\\/www.norbertodiver.pt\\\/pt-pt\\\/termos-e-condicoes\\\/#breadcrumb\",\"itemListElement\":[{\"@type\":\"ListItem\",\"position\":1,\"name\":\"Home\",\"item\":\"https:\\\/\\\/www.norbertodiver.pt\\\/pt-pt\\\/pagina-principal\\\/\"},{\"@type\":\"ListItem\",\"position\":2,\"name\":\"Termos e Condi\u00e7\u00f5es\"}]},{\"@type\":\"WebSite\",\"@id\":\"https:\\\/\\\/www.norbertodiver.pt\\\/#website\",\"url\":\"https:\\\/\\\/www.norbertodiver.pt\\\/\",\"name\":\"Norberto Diver\",\"description\":\"Norberto Diver offers you unforgettable experiences above or below the sea! Whale Watching, Shark Dive, Coastal Diving, Princess Alice Bank\",\"publisher\":{\"@id\":\"https:\\\/\\\/www.norbertodiver.pt\\\/#organization\"},\"potentialAction\":[{\"@type\":\"SearchAction\",\"target\":{\"@type\":\"EntryPoint\",\"urlTemplate\":\"https:\\\/\\\/www.norbertodiver.pt\\\/?s={search_term_string}\"},\"query-input\":{\"@type\":\"PropertyValueSpecification\",\"valueRequired\":true,\"valueName\":\"search_term_string\"}}],\"inLanguage\":\"pt-PT\"},{\"@type\":\"Organization\",\"@id\":\"https:\\\/\\\/www.norbertodiver.pt\\\/#organization\",\"name\":\"Norberto Diver\",\"url\":\"https:\\\/\\\/www.norbertodiver.pt\\\/\",\"logo\":{\"@type\":\"ImageObject\",\"inLanguage\":\"pt-PT\",\"@id\":\"https:\\\/\\\/www.norbertodiver.pt\\\/#\\\/schema\\\/logo\\\/image\\\/\",\"url\":\"https:\\\/\\\/www.norbertodiver.pt\\\/wp-content\\\/uploads\\\/2021\\\/12\\\/logo1.png\",\"contentUrl\":\"https:\\\/\\\/www.norbertodiver.pt\\\/wp-content\\\/uploads\\\/2021\\\/12\\\/logo1.png\",\"width\":200,\"height\":112,\"caption\":\"Norberto Diver\"},\"image\":{\"@id\":\"https:\\\/\\\/www.norbertodiver.pt\\\/#\\\/schema\\\/logo\\\/image\\\/\"}}]}<\/script>\n<!-- \/ Yoast SEO plugin. -->","yoast_head_json":{"title":"Termos e Condi\u00e7\u00f5es - Norberto Diver","robots":{"index":"index","follow":"follow","max-snippet":"max-snippet:-1","max-image-preview":"max-image-preview:large","max-video-preview":"max-video-preview:-1"},"canonical":"https:\/\/www.norbertodiver.pt\/pt-pt\/termos-e-condicoes\/","og_locale":"pt_PT","og_type":"article","og_title":"Termos e Condi\u00e7\u00f5es - Norberto Diver","og_description":"Termos e Condi\u00e7\u00f5es A Norberto Diver reserva o direito de cancelar as atividades sem aviso pr\u00e9vio por quest\u00f5es de seguran\u00e7a, condi\u00e7\u00f5es climat\u00e9ricas, n\u00famero m\u00ednimo de pessoas n\u00e3o atingido ou outras de for\u00e7a maior, sempre no sentido de assegurar a qualidade da atividade e a seguran\u00e7a dos participantes. Neste caso o valor total pelo servi\u00e7o ser\u00e1&hellip;","og_url":"https:\/\/www.norbertodiver.pt\/pt-pt\/termos-e-condicoes\/","og_site_name":"Norberto Diver","article_modified_time":"2023-03-11T18:56:28+00:00","twitter_card":"summary_large_image","schema":{"@context":"https:\/\/schema.org","@graph":[{"@type":"WebPage","@id":"https:\/\/www.norbertodiver.pt\/pt-pt\/termos-e-condicoes\/","url":"https:\/\/www.norbertodiver.pt\/pt-pt\/termos-e-condicoes\/","name":"Termos e Condi\u00e7\u00f5es - Norberto Diver","isPartOf":{"@id":"https:\/\/www.norbertodiver.pt\/#website"},"datePublished":"2020-12-17T19:17:47+00:00","dateModified":"2023-03-11T18:56:28+00:00","breadcrumb":{"@id":"https:\/\/www.norbertodiver.pt\/pt-pt\/termos-e-condicoes\/#breadcrumb"},"inLanguage":"pt-PT","potentialAction":[{"@type":"ReadAction","target":["https:\/\/www.norbertodiver.pt\/pt-pt\/termos-e-condicoes\/"]}]},{"@type":"BreadcrumbList","@id":"https:\/\/www.norbertodiver.pt\/pt-pt\/termos-e-condicoes\/#breadcrumb","itemListElement":[{"@type":"ListItem","position":1,"name":"Home","item":"https:\/\/www.norbertodiver.pt\/pt-pt\/pagina-principal\/"},{"@type":"ListItem","position":2,"name":"Termos e Condi\u00e7\u00f5es"}]},{"@type":"WebSite","@id":"https:\/\/www.norbertodiver.pt\/#website","url":"https:\/\/www.norbertodiver.pt\/","name":"Norberto Diver","description":"Norberto Diver offers you unforgettable experiences above or below the sea! Whale Watching, Shark Dive, Coastal Diving, Princess Alice Bank","publisher":{"@id":"https:\/\/www.norbertodiver.pt\/#organization"},"potentialAction":[{"@type":"SearchAction","target":{"@type":"EntryPoint","urlTemplate":"https:\/\/www.norbertodiver.pt\/?s={search_term_string}"},"query-input":{"@type":"PropertyValueSpecification","valueRequired":true,"valueName":"search_term_string"}}],"inLanguage":"pt-PT"},{"@type":"Organization","@id":"https:\/\/www.norbertodiver.pt\/#organization","name":"Norberto Diver","url":"https:\/\/www.norbertodiver.pt\/","logo":{"@type":"ImageObject","inLanguage":"pt-PT","@id":"https:\/\/www.norbertodiver.pt\/#\/schema\/logo\/image\/","url":"https:\/\/www.norbertodiver.pt\/wp-content\/uploads\/2021\/12\/logo1.png","contentUrl":"https:\/\/www.norbertodiver.pt\/wp-content\/uploads\/2021\/12\/logo1.png","width":200,"height":112,"caption":"Norberto Diver"},"image":{"@id":"https:\/\/www.norbertodiver.pt\/#\/schema\/logo\/image\/"}}]}},"_links":{"self":[{"href":"https:\/\/www.norbertodiver.pt\/pt-pt\/wp-json\/wp\/v2\/pages\/79221","targetHints":{"allow":["GET"]}}],"collection":[{"href":"https:\/\/www.norbertodiver.pt\/pt-pt\/wp-json\/wp\/v2\/pages"}],"about":[{"href":"https:\/\/www.norbertodiver.pt\/pt-pt\/wp-json\/wp\/v2\/types\/page"}],"author":[{"embeddable":true,"href":"https:\/\/www.norbertodiver.pt\/pt-pt\/wp-json\/wp\/v2\/users\/1"}],"replies":[{"embeddable":true,"href":"https:\/\/www.norbertodiver.pt\/pt-pt\/wp-json\/wp\/v2\/comments?post=79221"}],"version-history":[{"count":3,"href":"https:\/\/www.norbertodiver.pt\/pt-pt\/wp-json\/wp\/v2\/pages\/79221\/revisions"}],"predecessor-version":[{"id":79224,"href":"https:\/\/www.norbertodiver.pt\/pt-pt\/wp-json\/wp\/v2\/pages\/79221\/revisions\/79224"}],"wp:attachment":[{"href":"https:\/\/www.norbertodiver.pt\/pt-pt\/wp-json\/wp\/v2\/media?parent=79221"}],"curies":[{"name":"wp","href":"https:\/\/api.w.org\/{rel}","templated":true}]}}